{"id":110,"date":"2024-02-19T21:36:23","date_gmt":"2024-02-19T21:36:23","guid":{"rendered":"https:\/\/kriansa.org\/home\/"},"modified":"2026-02-15T17:52:11","modified_gmt":"2026-02-15T17:52:11","slug":"home","status":"publish","type":"page","link":"https:\/\/kriansa.org\/pap-cw\/","title":{"rendered":"home temporal"},"content":{"rendered":"<p>[et_pb_section fb_built=&#8221;1&#8243; disabled_on=&#8221;on|on|off&#8221; admin_label=&#8221;Section&#8221; _builder_version=&#8221;4.27.4&#8243; _module_preset=&#8221;default&#8221; use_background_color_gradient=&#8221;on&#8221; background_color_gradient_direction=&#8221;68deg&#8221; background_color_gradient_stops=&#8221;#ffffff 12%|rgba(41,196,169,0) 70%&#8221; background_color_gradient_overlays_image=&#8221;on&#8221; background_image=&#8221;https:\/\/kriansa.org\/wp-content\/uploads\/sites\/24\/2025\/01\/opstraat2.png&#8221; background_size=&#8221;custom&#8221; background_image_width=&#8221;76%&#8221; background_position=&#8221;center_right&#8221; custom_padding=&#8221;0px||0px||true|false&#8221; global_colors_info=&#8221;{}&#8221;][et_pb_row column_structure=&#8221;3_5,2_5&#8243; _builder_version=&#8221;4.25.2&#8243; _module_preset=&#8221;default&#8221; z_index=&#8221;1&#8243; width=&#8221;100%&#8221; max_width=&#8221;1400px&#8221; custom_padding=&#8221;|30px||30px|false|true&#8221; global_colors_info=&#8221;{}&#8221;][et_pb_column type=&#8221;3_5&#8243; _builder_version=&#8221;4.24.2&#8243; _module_preset=&#8221;default&#8221; global_colors_info=&#8221;{}&#8221;][et_pb_image src=&#8221;https:\/\/kriansa.org\/wp-content\/uploads\/sites\/24\/2024\/09\/logo-kriansa-pap.jpeg&#8221; title_text=&#8221;logo-kriansa-pap&#8221; _builder_version=&#8221;4.27.0&#8243; _module_preset=&#8221;default&#8221; max_width=&#8221;30%&#8221; custom_margin=&#8221;||80px||false|false&#8221; global_colors_info=&#8221;{}&#8221;][\/et_pb_image][et_pb_text _builder_version=&#8221;4.24.2&#8243; _module_preset=&#8221;00aaedcb-f3c3-48fc-a520-583f4cff0e94&#8243; header_3_font=&#8221;Allura||||||||&#8221; header_3_text_color=&#8221;#000000&#8243; header_3_font_size=&#8221;40px&#8221; header_3_letter_spacing=&#8221;1px&#8221; global_colors_info=&#8221;{}&#8221;]<\/p>\n<h3>Kon K\u00f2rsou lo ta si tur mucha <br \/>tin un kas kaminda nan por ta un mucha?<\/h3>\n<p>[\/et_pb_text][\/et_pb_column][et_pb_column type=&#8221;2_5&#8243; _builder_version=&#8221;4.24.2&#8243; _module_preset=&#8221;default&#8221; global_colors_info=&#8221;{}&#8221;][\/et_pb_column][\/et_pb_row][\/et_pb_section][et_pb_section fb_built=&#8221;1&#8243; disabled_on=&#8221;off|off|on&#8221; admin_label=&#8221;Section&#8221; _builder_version=&#8221;4.25.2&#8243; _module_preset=&#8221;default&#8221; background_color=&#8221;#FFFFFF&#8221; background_enable_image=&#8221;off&#8221; background_position=&#8221;center_right&#8221; custom_padding=&#8221;50px||50px||true|false&#8221; global_colors_info=&#8221;{}&#8221;][et_pb_row _builder_version=&#8221;4.25.2&#8243; _module_preset=&#8221;default&#8221; custom_margin=&#8221;0px||0px||false|false&#8221; custom_padding=&#8221;0px||0px||false|false&#8221; global_colors_info=&#8221;{}&#8221;][et_pb_column type=&#8221;4_4&#8243; _builder_version=&#8221;4.25.2&#8243; _module_preset=&#8221;default&#8221; global_colors_info=&#8221;{}&#8221;][et_pb_image src=&#8221;https:\/\/kriansa.org\/wp-content\/uploads\/sites\/24\/2024\/02\/logo-kriansa.jpeg&#8221; title_text=&#8221;logo-kriansa&#8221; _builder_version=&#8221;4.25.2&#8243; _module_preset=&#8221;default&#8221; max_width=&#8221;30%&#8221; module_alignment=&#8221;center&#8221; custom_margin=&#8221;||||false|false&#8221; locked=&#8221;off&#8221; global_colors_info=&#8221;{}&#8221;][\/et_pb_image][\/et_pb_column][\/et_pb_row][\/et_pb_section][et_pb_section fb_built=&#8221;1&#8243; custom_padding_last_edited=&#8221;on|phone&#8221; disabled_on=&#8221;off|off|on&#8221; admin_label=&#8221;Section&#8221; _builder_version=&#8221;4.27.4&#8243; _module_preset=&#8221;default&#8221; background_image=&#8221;https:\/\/kriansa.org\/wp-content\/uploads\/sites\/24\/2025\/01\/opstraat2.png&#8221; background_position=&#8221;center_right&#8221; custom_padding=&#8221;22vw|50px|22vw|50px|true|true&#8221; custom_padding_tablet=&#8221;22vw|50px|22vw|50px|true|true&#8221; custom_padding_phone=&#8221;|30px||30px|true|true&#8221; global_colors_info=&#8221;{}&#8221;][et_pb_row _builder_version=&#8221;4.25.2&#8243; _module_preset=&#8221;default&#8221; custom_margin=&#8221;0px||0px||false|false&#8221; custom_padding=&#8221;0px||0px||false|false&#8221; global_colors_info=&#8221;{}&#8221;][et_pb_column type=&#8221;4_4&#8243; _builder_version=&#8221;4.25.2&#8243; _module_preset=&#8221;default&#8221; global_colors_info=&#8221;{}&#8221;][et_pb_text _builder_version=&#8221;4.25.2&#8243; _module_preset=&#8221;00aaedcb-f3c3-48fc-a520-583f4cff0e94&#8243; header_text_color=&#8221;#FFFFFF&#8221; header_3_font=&#8221;Allura||||||||&#8221; header_3_text_color=&#8221;#FFFFFF&#8221; header_3_font_size=&#8221;40px&#8221; header_3_letter_spacing=&#8221;1px&#8221; header_3_text_shadow_style=&#8221;preset2&#8243; header_3_text_shadow_color=&#8221;#000000&#8243; global_colors_info=&#8221;{}&#8221;]<\/p>\n<h3>Kon K\u00f2rsou lo ta si tur mucha <br \/>tin un kas kaminda nan por ta un mucha?<\/h3>\n<p>[\/et_pb_text][\/et_pb_column][\/et_pb_row][\/et_pb_section][et_pb_section fb_built=&#8221;1&#8243; custom_padding_last_edited=&#8221;on|phone&#8221; admin_label=&#8221;About&#8221; _builder_version=&#8221;4.27.4&#8243; _module_preset=&#8221;default&#8221; background_color=&#8221;gcid-d78dfa0c-61db-49e2-8d51-e177bdfe7149&#8243; custom_padding=&#8221;0px|50px|0px|50px|true|true&#8221; custom_padding_tablet=&#8221;0px|50px|0px|50px|true|true&#8221; custom_padding_phone=&#8221;|30px||30px|true|true&#8221; hover_enabled=&#8221;0&#8243; collapsed=&#8221;off&#8221; global_colors_info=&#8221;{%22gcid-d78dfa0c-61db-49e2-8d51-e177bdfe7149%22:%91%22background_color%22%93}&#8221; sticky_enabled=&#8221;0&#8243;][et_pb_row column_structure=&#8221;1_2,1_2&#8243; use_custom_gutter=&#8221;on&#8221; gutter_width=&#8221;4&#8243; _builder_version=&#8221;4.27.2&#8243; _module_preset=&#8221;default&#8221; z_index=&#8221;1&#8243; width=&#8221;100%&#8221; max_width=&#8221;1400px&#8221; custom_padding=&#8221;50px|30px|50px|30px|true|true&#8221; global_colors_info=&#8221;{}&#8221;][et_pb_column type=&#8221;1_2&#8243; _builder_version=&#8221;4.24.1&#8243; _module_preset=&#8221;default&#8221; global_colors_info=&#8221;{}&#8221;][et_pb_text _builder_version=&#8221;4.27.4&#8243; _module_preset=&#8221;01a29441-dbaf-4771-934f-2491373cb88b&#8221; text_font=&#8221;Ubuntu Condensed||||||||&#8221; text_text_color=&#8221;#FFFFFF&#8221; header_text_color=&#8221;#FFFFFF&#8221; header_2_text_color=&#8221;#FFFFFF&#8221; header_3_text_color=&#8221;#FFFFFF&#8221; header_4_text_color=&#8221;#FFFFFF&#8221; custom_margin=&#8221;||37px||false|false&#8221; global_colors_info=&#8221;{}&#8221;]<\/p>\n<h3>E w\u00e8psait aki ta bai tokante KUIDO DI KRIANSA<\/h3>\n<p>Un inisiativa di esnan ku ta\/tabata mayornan i yunan di kriansa.<br \/>Un inisiativa pa tur esnan ku ta sinti nan mes enbolb\u00ed ku kuido di kriansa.<\/p>\n<p>[\/et_pb_text][et_pb_text _builder_version=&#8221;4.27.4&#8243; _module_preset=&#8221;01a29441-dbaf-4771-934f-2491373cb88b&#8221; text_font=&#8221;Ubuntu Condensed||||||||&#8221; text_text_color=&#8221;#FFFFFF&#8221; header_text_color=&#8221;#FFFFFF&#8221; header_2_text_color=&#8221;#FFFFFF&#8221; header_3_text_color=&#8221;#FFFFFF&#8221; header_4_text_color=&#8221;#FFFFFF&#8221; global_colors_info=&#8221;{}&#8221;]<\/p>\n<h4>Plataforma Kriansa<\/h4>\n<ul>\n<li>ta tuma e punto di bista di e yu ku ta buskando un kas amoroso i sigur pa kada inisiativa i ke konos\u00e9 e eksperensianan di e yu ku antes tabata un yu di kriansa.<\/li>\n<li>ta enfok\u00e1 riba empoder\u00e1 e forsa di mayornan di kriansa.<\/li>\n<li>lo hasi esfuerso pa desaroy\u00e1 e komprondementu entre e diferente partnernan enbolb\u00ed.<\/li>\n<li>ta desaroy\u00e1 un w\u00e8psait ku informashon \u00e1mplio tokante kuido di kriansa i informashon spes\u00edfiko pa yunan di kriansa, mayornan biol\u00f3giko, mayornan di kriansa i partnernan asosi\u00e1 ku kuido di kriansa: www.kriansa.org<\/li>\n<\/ul>\n<p>[\/et_pb_text][\/et_pb_column][et_pb_column type=&#8221;1_2&#8243; _builder_version=&#8221;4.24.1&#8243; _module_preset=&#8221;default&#8221; global_colors_info=&#8221;{}&#8221;][et_pb_blurb title=&#8221;Inventario di Kuido di Kriansa na K\u00f2rsou &#8221; image=&#8221;https:\/\/kriansa.org\/wp-content\/uploads\/sites\/24\/2024\/10\/Flag-of-Curacao.png&#8221; icon_placement=&#8221;left&#8221; _builder_version=&#8221;4.27.2&#8243; _module_preset=&#8221;default&#8221; header_font=&#8221;|||on|||||&#8221; header_text_color=&#8221;#FFFFFF&#8221; header_font_size=&#8221;20px&#8221; body_font=&#8221;||||||||&#8221; body_text_color=&#8221;#FFFFFF&#8221; link_option_url=&#8221;https:\/\/indigoblueconsult.limequery.com\/673971?lang=pap-CW&#8221; link_option_url_new_window=&#8221;on&#8221; global_colors_info=&#8221;{}&#8221;]<\/p>\n<p>Enkuesta<\/p>\n<p>[\/et_pb_blurb][et_pb_blurb title=&#8221;Inventarisatie Pleegzorg Cura\u00e7ao&#8221; image=&#8221;https:\/\/kriansa.org\/wp-content\/uploads\/sites\/24\/2024\/10\/Flag-of-Netherlands.png&#8221; icon_placement=&#8221;left&#8221; _builder_version=&#8221;4.27.2&#8243; _module_preset=&#8221;default&#8221; header_font=&#8221;|||on|||||&#8221; header_text_color=&#8221;#FFFFFF&#8221; header_font_size=&#8221;20px&#8221; body_font=&#8221;||||||||&#8221; body_text_color=&#8221;#FFFFFF&#8221; link_option_url=&#8221;https:\/\/indigoblueconsult.limequery.com\/673971?lang=nl&#8221; link_option_url_new_window=&#8221;on&#8221; global_colors_info=&#8221;{}&#8221;]<\/p>\n<p>Vragenlijst<\/p>\n<p>[\/et_pb_blurb][et_pb_blurb title=&#8221;Inventory Foster Care Cura\u00e7ao&#8221; image=&#8221;https:\/\/kriansa.org\/wp-content\/uploads\/sites\/24\/2024\/10\/Flag-of-United-Kingdom.png&#8221; icon_placement=&#8221;left&#8221; _builder_version=&#8221;4.27.2&#8243; _module_preset=&#8221;default&#8221; header_font=&#8221;|||on|||||&#8221; header_text_color=&#8221;#FFFFFF&#8221; header_font_size=&#8221;20px&#8221; body_font=&#8221;||||||||&#8221; body_text_color=&#8221;#FFFFFF&#8221; link_option_url=&#8221;https:\/\/indigoblueconsult.limequery.com\/673971?lang=en&#8221; link_option_url_new_window=&#8221;on&#8221; global_colors_info=&#8221;{}&#8221;]<\/p>\n<p>Questionnaire<\/p>\n<p>[\/et_pb_blurb][et_pb_blurb title=&#8221;Inventario de Cuidado de Acogida en Curazao &#8221; url_new_window=&#8221;on&#8221; image=&#8221;https:\/\/kriansa.org\/wp-content\/uploads\/sites\/24\/2024\/10\/Flag-of-Spain.png&#8221; icon_placement=&#8221;left&#8221; _builder_version=&#8221;4.27.2&#8243; _module_preset=&#8221;default&#8221; header_font=&#8221;|||on|||||&#8221; header_text_color=&#8221;#FFFFFF&#8221; header_font_size=&#8221;20px&#8221; body_font=&#8221;||||||||&#8221; body_text_color=&#8221;#FFFFFF&#8221; link_option_url=&#8221;https:\/\/indigoblueconsult.limequery.com\/673971?lang=es-CO&#8221; link_option_url_new_window=&#8221;on&#8221; global_colors_info=&#8221;{}&#8221;]<\/p>\n<p>Cuestionario<\/p>\n<p>[\/et_pb_blurb][\/et_pb_column][\/et_pb_row][\/et_pb_section]<\/p>\n","protected":false},"excerpt":{"rendered":"<p>Kon K\u00f2rsou lo ta si tur mucha tin un kas kaminda nan por ta un mucha?Kon K\u00f2rsou lo ta si tur mucha tin un kas kaminda nan por ta un mucha?E w\u00e8psait aki ta bai tokante KUIDO DI KRIANSA Un inisiativa di esnan ku ta\/tabata mayornan i yunan di kriansa.Un inisiativa pa tur esnan ku [&hellip;]<\/p>\n","protected":false},"author":6,"featured_media":0,"parent":0,"menu_order":0,"comment_status":"closed","ping_status":"closed","template":"","meta":{"_et_pb_use_builder":"on","_et_pb_old_content":"","_et_gb_content_width":"","footnotes":""},"class_list":["post-110","page","type-page","status-publish","hentry"],"_links":{"self":[{"href":"https:\/\/kriansa.org\/pap-cw\/wp-json\/wp\/v2\/pages\/110","targetHints":{"allow":["GET"]}}],"collection":[{"href":"https:\/\/kriansa.org\/pap-cw\/wp-json\/wp\/v2\/pages"}],"about":[{"href":"https:\/\/kriansa.org\/pap-cw\/wp-json\/wp\/v2\/types\/page"}],"author":[{"embeddable":true,"href":"https:\/\/kriansa.org\/pap-cw\/wp-json\/wp\/v2\/users\/6"}],"replies":[{"embeddable":true,"href":"https:\/\/kriansa.org\/pap-cw\/wp-json\/wp\/v2\/comments?post=110"}],"version-history":[{"count":0,"href":"https:\/\/kriansa.org\/pap-cw\/wp-json\/wp\/v2\/pages\/110\/revisions"}],"wp:attachment":[{"href":"https:\/\/kriansa.org\/pap-cw\/wp-json\/wp\/v2\/media?parent=110"}],"curies":[{"name":"wp","href":"https:\/\/api.w.org\/{rel}","templated":true}]}}